{"id":8540,"date":"2023-08-28T14:24:26","date_gmt":"2023-08-28T14:24:26","guid":{"rendered":"https:\/\/souslalune.fr\/?page_id=8540"},"modified":"2026-04-19T15:59:22","modified_gmt":"2026-04-19T15:59:22","slug":"reprises","status":"publish","type":"page","link":"https:\/\/souslalune.fr\/?page_id=8540","title":{"rendered":"La promenade"},"content":{"rendered":"\n<p>\u00ab\u00a0La promenade\u00a0\u00bb est n\u00e9e de la rencontre de deux guitaristes (Christine et Rodrigue) et de l&rsquo;envie de se promener vers des territoires jazzy, soul et groovy.<br>Ces titres, enregistr\u00e9s en r\u00e9p\u00e9titions en avril 2026 donnent l&rsquo;esprit de nos d\u00e9ambulations musicales.<br>Bon voyage !<\/p>\n\n\n<div class=\"wp-playlist wp-audio-playlist wp-playlist-light\">\n\t\t\t<div class=\"wp-playlist-current-item\"><\/div>\n\t\t<audio controls=\"controls\" preload=\"none\" width=\"640\"\n\t\t\t><\/audio>\n\t<div class=\"wp-playlist-next\"><\/div>\n\t<div class=\"wp-playlist-prev\"><\/div>\n\t<noscript>\n\t<ol>\n\t\t<li><a href='https:\/\/souslalune.fr\/wp-content\/uploads\/2026\/04\/0104-sunny.mp3'>Sunny - Bobby Hebb<\/a><\/li><li><a href='https:\/\/souslalune.fr\/wp-content\/uploads\/2026\/04\/0804-feeling-good.mp3'>Feeling Good - Nina Simone<\/a><\/li><li><a href='https:\/\/souslalune.fr\/wp-content\/uploads\/2026\/04\/1504-parfums-de-sa-vie.mp3'>Les parfums de sa vie - Art Mengo<\/a><\/li><li><a href='https:\/\/souslalune.fr\/wp-content\/uploads\/2026\/04\/0104-aint-no-sunshine.mp3'>Ain't no sunshine - Bill Withers<\/a><\/li><li><a href='https:\/\/souslalune.fr\/wp-content\/uploads\/2026\/04\/1504-les-yeux-ouverts.mp3'>Les yeux ouverts - Enzo Enzo<\/a><\/li><li><a href='https:\/\/souslalune.fr\/wp-content\/uploads\/2026\/04\/0804-back-to-black.mp3'>Back to black - Amy Winehouse<\/a><\/li><li><a href='https:\/\/souslalune.fr\/wp-content\/uploads\/2026\/04\/1504-man-world.mp3'>Man's world - James Brown (et Betty Jean Newsome)<\/a><\/li>\t<\/ol>\n\t<\/noscript>\n\t<script type=\"application\/json\" class=\"wp-playlist-script\">{\"type\":\"audio\",\"tracklist\":true,\"tracknumbers\":true,\"images\":true,\"artists\":true,\"tracks\":[{\"src\":\"https:\/\/souslalune.fr\/wp-content\/uploads\/2026\/04\/0104-sunny.mp3\",\"type\":\"audio\/mpeg\",\"title\":\"Sunny - Bobby Hebb\",\"caption\":\"\",\"description\":\"\\u003Ci\\u003E0104 sunny\\u003C\/i\\u003E.\",\"meta\":{\"length_formatted\":\"3:41\"},\"image\":{\"src\":\"https:\/\/souslalune.fr\/wp-content\/uploads\/2026\/02\/la_promenade-music.jpg\",\"width\":2560,\"height\":1440},\"thumb\":{\"src\":\"https:\/\/souslalune.fr\/wp-content\/uploads\/2026\/02\/la_promenade-music-150x150.jpg\",\"width\":150,\"height\":150}},{\"src\":\"https:\/\/souslalune.fr\/wp-content\/uploads\/2026\/04\/0804-feeling-good.mp3\",\"type\":\"audio\/mpeg\",\"title\":\"Feeling Good - Nina Simone\",\"caption\":\"\",\"description\":\"\\u003Ci\\u003E0804 feeling good\\u003C\/i\\u003E.\",\"meta\":{\"length_formatted\":\"4:26\"},\"image\":{\"src\":\"https:\/\/souslalune.fr\/wp-content\/uploads\/2026\/02\/la_promenade-music.jpg\",\"width\":2560,\"height\":1440},\"thumb\":{\"src\":\"https:\/\/souslalune.fr\/wp-content\/uploads\/2026\/02\/la_promenade-music-150x150.jpg\",\"width\":150,\"height\":150}},{\"src\":\"https:\/\/souslalune.fr\/wp-content\/uploads\/2026\/04\/1504-parfums-de-sa-vie.mp3\",\"type\":\"audio\/mpeg\",\"title\":\"Les parfums de sa vie - Art Mengo\",\"caption\":\"\",\"description\":\"\\u003Ci\\u003E1504 parfums de sa vie\\u003C\/i\\u003E.\",\"meta\":{\"length_formatted\":\"4:19\"},\"image\":{\"src\":\"https:\/\/souslalune.fr\/wp-content\/uploads\/2026\/02\/la_promenade-music.jpg\",\"width\":2560,\"height\":1440},\"thumb\":{\"src\":\"https:\/\/souslalune.fr\/wp-content\/uploads\/2026\/02\/la_promenade-music-150x150.jpg\",\"width\":150,\"height\":150}},{\"src\":\"https:\/\/souslalune.fr\/wp-content\/uploads\/2026\/04\/0104-aint-no-sunshine.mp3\",\"type\":\"audio\/mpeg\",\"title\":\"Ain't no sunshine - Bill Withers\",\"caption\":\"\",\"description\":\"\\u003Ci\\u003E0104 ain't no sunshine\\u003C\/i\\u003E.\",\"meta\":{\"length_formatted\":\"2:51\"},\"image\":{\"src\":\"https:\/\/souslalune.fr\/wp-content\/uploads\/2026\/02\/la_promenade-music.jpg\",\"width\":2560,\"height\":1440},\"thumb\":{\"src\":\"https:\/\/souslalune.fr\/wp-content\/uploads\/2026\/02\/la_promenade-music-150x150.jpg\",\"width\":150,\"height\":150}},{\"src\":\"https:\/\/souslalune.fr\/wp-content\/uploads\/2026\/04\/1504-les-yeux-ouverts.mp3\",\"type\":\"audio\/mpeg\",\"title\":\"Les yeux ouverts - Enzo Enzo\",\"caption\":\"\",\"description\":\"\\u003Ci\\u003E1504 les yeux ouverts\\u003C\/i\\u003E.\",\"meta\":{\"length_formatted\":\"2:52\"},\"image\":{\"src\":\"https:\/\/souslalune.fr\/wp-content\/uploads\/2026\/02\/la_promenade-music.jpg\",\"width\":2560,\"height\":1440},\"thumb\":{\"src\":\"https:\/\/souslalune.fr\/wp-content\/uploads\/2026\/02\/la_promenade-music-150x150.jpg\",\"width\":150,\"height\":150}},{\"src\":\"https:\/\/souslalune.fr\/wp-content\/uploads\/2026\/04\/0804-back-to-black.mp3\",\"type\":\"audio\/mpeg\",\"title\":\"Back to black - Amy Winehouse\",\"caption\":\"\",\"description\":\"\\u003Ci\\u003E0804 back to black\\u003C\/i\\u003E.\",\"meta\":{\"length_formatted\":\"4:31\"},\"image\":{\"src\":\"https:\/\/souslalune.fr\/wp-content\/uploads\/2026\/02\/la_promenade-music.jpg\",\"width\":2560,\"height\":1440},\"thumb\":{\"src\":\"https:\/\/souslalune.fr\/wp-content\/uploads\/2026\/02\/la_promenade-music-150x150.jpg\",\"width\":150,\"height\":150}},{\"src\":\"https:\/\/souslalune.fr\/wp-content\/uploads\/2026\/04\/1504-man-world.mp3\",\"type\":\"audio\/mpeg\",\"title\":\"Man's world - James Brown (et Betty Jean Newsome)\",\"caption\":\"\",\"description\":\"\\u003Ci\\u003E1504 man world\\u003C\/i\\u003E.\",\"meta\":{\"length_formatted\":\"4:38\"},\"image\":{\"src\":\"https:\/\/souslalune.fr\/wp-content\/uploads\/2026\/02\/la_promenade-music.jpg\",\"width\":2560,\"height\":1440},\"thumb\":{\"src\":\"https:\/\/souslalune.fr\/wp-content\/uploads\/2026\/02\/la_promenade-music-150x150.jpg\",\"width\":150,\"height\":150}}]}<\/script>\n<\/div>\n\t\n","protected":false},"excerpt":{"rendered":"<p>\u00ab\u00a0La promenade\u00a0\u00bb est n\u00e9e de la rencontre de deux guitaristes (Christine et Rodrigue) et de&#8230;<\/p>\n<div class=\"more-link-wrapper\"><a class=\"more-link\" href=\"https:\/\/souslalune.fr\/?page_id=8540\">En savoir plus <span class=\"screen-reader-text\">La promenade<\/span><\/a><\/div>\n","protected":false},"author":1,"featured_media":10713,"parent":0,"menu_order":0,"comment_status":"closed","ping_status":"closed","template":"","meta":{"footnotes":""},"class_list":["post-8540","page","type-page","status-publish","has-post-thumbnail","hentry","excerpt","zoom","full-without-featured","even","excerpt-0"],"_links":{"self":[{"href":"https:\/\/souslalune.fr\/index.php?rest_route=\/wp\/v2\/pages\/8540","targetHints":{"allow":["GET"]}}],"collection":[{"href":"https:\/\/souslalune.fr\/index.php?rest_route=\/wp\/v2\/pages"}],"about":[{"href":"https:\/\/souslalune.fr\/index.php?rest_route=\/wp\/v2\/types\/page"}],"author":[{"embeddable":true,"href":"https:\/\/souslalune.fr\/index.php?rest_route=\/wp\/v2\/users\/1"}],"replies":[{"embeddable":true,"href":"https:\/\/souslalune.fr\/index.php?rest_route=%2Fwp%2Fv2%2Fcomments&post=8540"}],"version-history":[{"count":110,"href":"https:\/\/souslalune.fr\/index.php?rest_route=\/wp\/v2\/pages\/8540\/revisions"}],"predecessor-version":[{"id":10836,"href":"https:\/\/souslalune.fr\/index.php?rest_route=\/wp\/v2\/pages\/8540\/revisions\/10836"}],"wp:featuredmedia":[{"embeddable":true,"href":"https:\/\/souslalune.fr\/index.php?rest_route=\/wp\/v2\/media\/10713"}],"wp:attachment":[{"href":"https:\/\/souslalune.fr\/index.php?rest_route=%2Fwp%2Fv2%2Fmedia&parent=8540"}],"curies":[{"name":"wp","href":"https:\/\/api.w.org\/{rel}","templated":true}]}}